{"id":6309,"date":"2024-02-16T14:37:39","date_gmt":"2024-02-16T14:37:39","guid":{"rendered":"https:\/\/moscati.org\/?page_id=6309"},"modified":"2025-06-02T16:39:11","modified_gmt":"2025-06-02T16:39:11","slug":"centre-daccueil","status":"publish","type":"page","link":"https:\/\/moscati.org\/index.php\/centre-daccueil\/","title":{"rendered":"Centre d&rsquo;accueil"},"content":{"rendered":"<section class=\"wpb-content-wrapper\"><p>[vc_row top_margin=\u00a0\u00bbpage-margin-top\u00a0\u00bb][vc_column width=\u00a0\u00bb1\/2&Prime;]<div class=\"gallery-box small-slider hover-icons-off\"><ul class=\"image-carousel small-slider id-small-slider autoplay-0 pause_on_hover-1 scroll-1 effect-scroll easing-easeInOutQuint duration-750\"><li><img loading=\"lazy\" decoding=\"async\" width=\"600\" height=\"400\" src=\"https:\/\/moscati.org\/wp-content\/uploads\/2024\/02\/IMG_6016-600x400.jpg\" class=\"attachment-medicenter-gallery-image size-medicenter-gallery-image\" alt=\"\" srcset=\"https:\/\/moscati.org\/wp-content\/uploads\/2024\/02\/IMG_6016-600x400.jpg 600w, https:\/\/moscati.org\/wp-content\/uploads\/2024\/02\/IMG_6016-300x200.jpg 300w, https:\/\/moscati.org\/wp-content\/uploads\/2024\/02\/IMG_6016-1024x683.jpg 1024w, https:\/\/moscati.org\/wp-content\/uploads\/2024\/02\/IMG_6016-768x512.jpg 768w, https:\/\/moscati.org\/wp-content\/uploads\/2024\/02\/IMG_6016-1536x1024.jpg 1536w, https:\/\/moscati.org\/wp-content\/uploads\/2024\/02\/IMG_6016-2048x1365.jpg 2048w, https:\/\/moscati.org\/wp-content\/uploads\/2024\/02\/IMG_6016-670x446.jpg 670w, https:\/\/moscati.org\/wp-content\/uploads\/2024\/02\/IMG_6016-480x320.jpg 480w, https:\/\/moscati.org\/wp-content\/uploads\/2024\/02\/IMG_6016-390x260.jpg 390w, https:\/\/moscati.org\/wp-content\/uploads\/2024\/02\/IMG_6016-285x190.jpg 285w\" sizes=\"auto, (max-width: 600px) 100vw, 600px\" \/><ul class=\"controls\">\n\t\t\t\t<li>\n\t\t\t\t\t<a href=\"https:\/\/moscati.org\/wp-content\/uploads\/2024\/02\/IMG_6016.jpg\" class=\"template-plus-2 fancybox open-lightbox\" rel=\"small_slider[small-slider]\"><\/a>\n\t\t\t\t<\/li>\n\t\t\t<\/ul>\n\t\t<\/li><\/ul><\/div>[\/vc_column][vc_column width=\u00a0\u00bb1\/2&Prime;]<h2 class=\"box-header\">Pr\u00e9sentation<\/h2>[vc_column_text]<\/p>\n<p style=\"text-align: justify;\">Situ\u00e9 dans un espace calme et vert de la capitale politique de la C\u00f4te d\u2019Ivoire face \u00e0 la Basilique Notre Dame de la Paix, \u00e0 15 minutes de la gare et du centre-ville, le Centre d\u2019Accueil Saint Joseph MOSCATI est une maison d\u2019h\u00f4te g\u00e9r\u00e9e avec le concours des S\u0153urs Camilliennes.<\/p>\n<p style=\"text-align: justify;\">Le centre accueille toutes les personnes d\u00e9sireuses de vivre une exp\u00e9rience de relaxation, de silence, de repos et de pri\u00e8res pour des s\u00e9jours confortables dans des conditions tr\u00e8s agr\u00e9ables avec une capacit\u00e9 de quinze (15) chambres, un salon de repas, un espace commun, un jardin avec vue sur la Basilique.<\/p>\n<p style=\"text-align: justify;\">Pour vous, nous allions propret\u00e9, silence et\u00a0soin de la personne.<\/p>\n<p>[\/vc_column_text][\/vc_column][\/vc_row][vc_row top_margin=\u00a0\u00bbpage-margin-top\u00a0\u00bb][vc_column width=\u00a0\u00bb2\/3&Prime;][vc_row_inner][vc_column_inner width=\u00a0\u00bb1\/2&Prime;]<h2 class=\"box-header\">Equipements h\u00f4teliers<\/h2>[vc_column_text]Le centre dispose de :<\/p>\n<ul>\n<li>Chambre avec sanitaires individuels<\/li>\n<li>Salle de t\u00e9l\u00e9vision, Biblioth\u00e8que<\/li>\n<li>Salle \u00e0 manger sur demande<\/li>\n<li>Couverture wifi<\/li>\n<li>Villa : compos\u00e9 de trois pi\u00e8ces (salon, deux chambres, deux toilettes, jardin priv\u00e9)<\/li>\n<\/ul>\n<p>[\/vc_column_text][\/vc_column_inner][vc_column_inner width=\u00a0\u00bb1\/2&Prime;]<div class=\"gallery-box small-slider hover-icons-off\"><ul class=\"image-carousel small-slider id-small-slider autoplay-1 pause_on_hover-1 scroll-1 effect-scroll easing-swing duration-750 page-margin-top\"><li><img loading=\"lazy\" decoding=\"async\" width=\"600\" height=\"400\" src=\"https:\/\/moscati.org\/wp-content\/uploads\/2024\/02\/centre_6-600x400.jpg\" class=\"attachment-medicenter-gallery-image size-medicenter-gallery-image\" alt=\"\" srcset=\"https:\/\/moscati.org\/wp-content\/uploads\/2024\/02\/centre_6-600x400.jpg 600w, https:\/\/moscati.org\/wp-content\/uploads\/2024\/02\/centre_6-670x446.jpg 670w, https:\/\/moscati.org\/wp-content\/uploads\/2024\/02\/centre_6-480x320.jpg 480w, https:\/\/moscati.org\/wp-content\/uploads\/2024\/02\/centre_6-390x260.jpg 390w, https:\/\/moscati.org\/wp-content\/uploads\/2024\/02\/centre_6-285x190.jpg 285w\" sizes=\"auto, (max-width: 600px) 100vw, 600px\" \/><ul class=\"controls\">\n\t\t\t\t<li>\n\t\t\t\t\t<a href=\"https:\/\/moscati.org\/wp-content\/uploads\/2024\/02\/centre_6.jpg\" class=\"template-plus-2 fancybox open-lightbox\" rel=\"small_slider\"><\/a>\n\t\t\t\t<\/li>\n\t\t\t<\/ul>\n\t\t<\/li><li><img loading=\"lazy\" decoding=\"async\" width=\"600\" height=\"400\" src=\"https:\/\/moscati.org\/wp-content\/uploads\/2024\/02\/centre_8-600x400.jpg\" class=\"attachment-medicenter-gallery-image size-medicenter-gallery-image\" alt=\"\" srcset=\"https:\/\/moscati.org\/wp-content\/uploads\/2024\/02\/centre_8-600x400.jpg 600w, https:\/\/moscati.org\/wp-content\/uploads\/2024\/02\/centre_8-670x446.jpg 670w, https:\/\/moscati.org\/wp-content\/uploads\/2024\/02\/centre_8-480x320.jpg 480w, https:\/\/moscati.org\/wp-content\/uploads\/2024\/02\/centre_8-390x260.jpg 390w, https:\/\/moscati.org\/wp-content\/uploads\/2024\/02\/centre_8-285x190.jpg 285w\" sizes=\"auto, (max-width: 600px) 100vw, 600px\" \/><ul class=\"controls\">\n\t\t\t\t<li>\n\t\t\t\t\t<a href=\"https:\/\/moscati.org\/wp-content\/uploads\/2024\/02\/centre_8.jpg\" class=\"template-plus-2 fancybox open-lightbox\" rel=\"small_slider\"><\/a>\n\t\t\t\t<\/li>\n\t\t\t<\/ul>\n\t\t<\/li><li><img loading=\"lazy\" decoding=\"async\" width=\"600\" height=\"400\" src=\"https:\/\/moscati.org\/wp-content\/uploads\/2024\/02\/centre_7-600x400.jpg\" class=\"attachment-medicenter-gallery-image size-medicenter-gallery-image\" alt=\"\" srcset=\"https:\/\/moscati.org\/wp-content\/uploads\/2024\/02\/centre_7-600x400.jpg 600w, https:\/\/moscati.org\/wp-content\/uploads\/2024\/02\/centre_7-670x446.jpg 670w, https:\/\/moscati.org\/wp-content\/uploads\/2024\/02\/centre_7-480x320.jpg 480w, https:\/\/moscati.org\/wp-content\/uploads\/2024\/02\/centre_7-390x260.jpg 390w, https:\/\/moscati.org\/wp-content\/uploads\/2024\/02\/centre_7-285x190.jpg 285w\" sizes=\"auto, (max-width: 600px) 100vw, 600px\" \/><ul class=\"controls\">\n\t\t\t\t<li>\n\t\t\t\t\t<a href=\"https:\/\/moscati.org\/wp-content\/uploads\/2024\/02\/centre_7.jpg\" class=\"template-plus-2 fancybox open-lightbox\" rel=\"small_slider\"><\/a>\n\t\t\t\t<\/li>\n\t\t\t<\/ul>\n\t\t<\/li><li><img loading=\"lazy\" decoding=\"async\" width=\"600\" height=\"400\" src=\"https:\/\/moscati.org\/wp-content\/uploads\/2024\/02\/centre_3-600x400.jpg\" class=\"attachment-medicenter-gallery-image size-medicenter-gallery-image\" alt=\"\" srcset=\"https:\/\/moscati.org\/wp-content\/uploads\/2024\/02\/centre_3-600x400.jpg 600w, https:\/\/moscati.org\/wp-content\/uploads\/2024\/02\/centre_3-670x446.jpg 670w, https:\/\/moscati.org\/wp-content\/uploads\/2024\/02\/centre_3-480x320.jpg 480w, https:\/\/moscati.org\/wp-content\/uploads\/2024\/02\/centre_3-390x260.jpg 390w, https:\/\/moscati.org\/wp-content\/uploads\/2024\/02\/centre_3-285x190.jpg 285w\" sizes=\"auto, (max-width: 600px) 100vw, 600px\" \/><ul class=\"controls\">\n\t\t\t\t<li>\n\t\t\t\t\t<a href=\"https:\/\/moscati.org\/wp-content\/uploads\/2024\/02\/centre_3.jpg\" class=\"template-plus-2 fancybox open-lightbox\" rel=\"small_slider\"><\/a>\n\t\t\t\t<\/li>\n\t\t\t<\/ul>\n\t\t<\/li><li><img loading=\"lazy\" decoding=\"async\" width=\"600\" height=\"400\" src=\"https:\/\/moscati.org\/wp-content\/uploads\/2024\/02\/centre_4-600x400.jpg\" class=\"attachment-medicenter-gallery-image size-medicenter-gallery-image\" alt=\"\" srcset=\"https:\/\/moscati.org\/wp-content\/uploads\/2024\/02\/centre_4-600x400.jpg 600w, https:\/\/moscati.org\/wp-content\/uploads\/2024\/02\/centre_4-670x446.jpg 670w, https:\/\/moscati.org\/wp-content\/uploads\/2024\/02\/centre_4-480x320.jpg 480w, https:\/\/moscati.org\/wp-content\/uploads\/2024\/02\/centre_4-390x260.jpg 390w, https:\/\/moscati.org\/wp-content\/uploads\/2024\/02\/centre_4-285x190.jpg 285w\" sizes=\"auto, (max-width: 600px) 100vw, 600px\" \/><ul class=\"controls\">\n\t\t\t\t<li>\n\t\t\t\t\t<a href=\"https:\/\/moscati.org\/wp-content\/uploads\/2024\/02\/centre_4.jpg\" class=\"template-plus-2 fancybox open-lightbox\" rel=\"small_slider\"><\/a>\n\t\t\t\t<\/li>\n\t\t\t<\/ul>\n\t\t<\/li><li><img loading=\"lazy\" decoding=\"async\" width=\"600\" height=\"400\" src=\"https:\/\/moscati.org\/wp-content\/uploads\/2024\/02\/centre_5-600x400.jpg\" class=\"attachment-medicenter-gallery-image size-medicenter-gallery-image\" alt=\"\" srcset=\"https:\/\/moscati.org\/wp-content\/uploads\/2024\/02\/centre_5-600x400.jpg 600w, https:\/\/moscati.org\/wp-content\/uploads\/2024\/02\/centre_5-670x446.jpg 670w, https:\/\/moscati.org\/wp-content\/uploads\/2024\/02\/centre_5-480x320.jpg 480w, https:\/\/moscati.org\/wp-content\/uploads\/2024\/02\/centre_5-390x260.jpg 390w, https:\/\/moscati.org\/wp-content\/uploads\/2024\/02\/centre_5-285x190.jpg 285w\" sizes=\"auto, (max-width: 600px) 100vw, 600px\" \/><ul class=\"controls\">\n\t\t\t\t<li>\n\t\t\t\t\t<a href=\"https:\/\/moscati.org\/wp-content\/uploads\/2024\/02\/centre_5.jpg\" class=\"template-plus-2 fancybox open-lightbox\" rel=\"small_slider\"><\/a>\n\t\t\t\t<\/li>\n\t\t\t<\/ul>\n\t\t<\/li><\/ul><\/div>[\/vc_column_inner][\/vc_row_inner][vc_row_inner top_margin=\u00a0\u00bbpage-margin-top\u00a0\u00bb][vc_column_inner width=\u00a0\u00bb1\/2&Prime;]<h2 class=\"box-header\">Prestations spirituelles<\/h2>[vc_column_text]<\/p>\n<p style=\"text-align: justify;\">Possibilit\u00e9 de participer aux offices journaliers \u00e0 la chapelle de l\u2019H\u00f4pital Catholique Saint Joseph Moscati ou de la Basilique Notre Dame de la Paix.<br \/>\nPossibilit\u00e9 d&rsquo;\u00e9change avec une Religieuse.<\/p>\n<p>[\/vc_column_text][\/vc_column_inner][vc_column_inner width=\u00a0\u00bb1\/2&Prime;]<h2 class=\"box-header\">Activit\u00e9s autour<\/h2>[vc_column_text]<\/p>\n<p style=\"text-align: justify;\">Randonn\u00e9e, Eco-Tourisme, Artisanat, Sport<\/p>\n<p>[\/vc_column_text][\/vc_column_inner][\/vc_row_inner]<div class=\"notification-box nb-info features-pen page-margin-top\"><h2>NB: les b\u00e9n\u00e9fices aident au financement des soins aux patients de l'H\u00f4pital Catholique Saint Joseph Moscati<\/h2><\/div>[vc_row_inner top_margin=\u00a0\u00bbpage-margin-top\u00a0\u00bb][vc_column_inner]<div class=\"gallery-box small-slider hover-icons-off\"><ul class=\"image-carousel small-slider id-small-slider autoplay-0 pause_on_hover-1 scroll-1 effect-scroll easing-easeInOutQuint duration-750\"><li><img loading=\"lazy\" decoding=\"async\" width=\"600\" height=\"400\" src=\"https:\/\/moscati.org\/wp-content\/uploads\/2024\/02\/IMG_6020.jpg-2-600x400.jpg\" class=\"attachment-medicenter-gallery-image size-medicenter-gallery-image\" alt=\"\" srcset=\"https:\/\/moscati.org\/wp-content\/uploads\/2024\/02\/IMG_6020.jpg-2-600x400.jpg 600w, https:\/\/moscati.org\/wp-content\/uploads\/2024\/02\/IMG_6020.jpg-2-300x200.jpg 300w, https:\/\/moscati.org\/wp-content\/uploads\/2024\/02\/IMG_6020.jpg-2-1024x683.jpg 1024w, https:\/\/moscati.org\/wp-content\/uploads\/2024\/02\/IMG_6020.jpg-2-768x512.jpg 768w, https:\/\/moscati.org\/wp-content\/uploads\/2024\/02\/IMG_6020.jpg-2-1536x1024.jpg 1536w, https:\/\/moscati.org\/wp-content\/uploads\/2024\/02\/IMG_6020.jpg-2-2048x1365.jpg 2048w, https:\/\/moscati.org\/wp-content\/uploads\/2024\/02\/IMG_6020.jpg-2-670x446.jpg 670w, https:\/\/moscati.org\/wp-content\/uploads\/2024\/02\/IMG_6020.jpg-2-480x320.jpg 480w, https:\/\/moscati.org\/wp-content\/uploads\/2024\/02\/IMG_6020.jpg-2-390x260.jpg 390w, https:\/\/moscati.org\/wp-content\/uploads\/2024\/02\/IMG_6020.jpg-2-285x190.jpg 285w\" sizes=\"auto, (max-width: 600px) 100vw, 600px\" \/><ul class=\"controls\">\n\t\t\t\t<li>\n\t\t\t\t\t<a href=\"https:\/\/moscati.org\/wp-content\/uploads\/2024\/02\/IMG_6020.jpg-2.jpg\" class=\"template-plus-2 fancybox open-lightbox\" rel=\"small_slider[small-slider]\"><\/a>\n\t\t\t\t<\/li>\n\t\t\t<\/ul>\n\t\t<\/li><\/ul><\/div>[\/vc_column_inner][\/vc_row_inner][\/vc_column][vc_column width=\u00a0\u00bb1\/3&Prime;][vc_widget_sidebar sidebar_id=\u00a0\u00bbsidebar-centre-style\u00a0\u00bb][vc_widget_sidebar top_margin=\u00a0\u00bbpage-margin-top\u00a0\u00bb sidebar_id=\u00a0\u00bbsidebar-price-centre\u00a0\u00bb]<div class=\"notification-box nb-success features-tick page-margin-top\"><h2>Tarif r\u00e9duit:12 000F<\/h2><h5>Religieux, missionnaires, \u00e9tudiants de moins de 18 ans<\/h5><\/div>[\/vc_column][\/vc_row]<\/p>\n<\/section>","protected":false},"excerpt":{"rendered":"<p>[vc_row top_margin=\u00a0\u00bbpage-margin-top\u00a0\u00bb][vc_column width=\u00a0\u00bb1\/2&Prime;][\/vc_column][vc_column width=\u00a0\u00bb1\/2&Prime;][vc_column_text] Situ\u00e9 dans un espace calme et vert de la capitale politique de la C\u00f4te d\u2019Ivoire face \u00e0 la Basilique Notre Dame de la Paix, \u00e0 15 minutes de la gare et du centre-ville, le Centre d\u2019Accueil Saint Joseph MOSCATI est une maison d\u2019h\u00f4te g\u00e9r\u00e9e avec le concours des S\u0153urs Camilliennes. Le<\/p>\n","protected":false},"author":1,"featured_media":0,"parent":0,"menu_order":0,"comment_status":"closed","ping_status":"closed","template":"","meta":{"footnotes":""},"class_list":["post-6309","page","type-page","status-publish","hentry"],"_links":{"self":[{"href":"https:\/\/moscati.org\/index.php\/wp-json\/wp\/v2\/pages\/6309","targetHints":{"allow":["GET"]}}],"collection":[{"href":"https:\/\/moscati.org\/index.php\/wp-json\/wp\/v2\/pages"}],"about":[{"href":"https:\/\/moscati.org\/index.php\/wp-json\/wp\/v2\/types\/page"}],"author":[{"embeddable":true,"href":"https:\/\/moscati.org\/index.php\/wp-json\/wp\/v2\/users\/1"}],"replies":[{"embeddable":true,"href":"https:\/\/moscati.org\/index.php\/wp-json\/wp\/v2\/comments?post=6309"}],"version-history":[{"count":113,"href":"https:\/\/moscati.org\/index.php\/wp-json\/wp\/v2\/pages\/6309\/revisions"}],"predecessor-version":[{"id":29961,"href":"https:\/\/moscati.org\/index.php\/wp-json\/wp\/v2\/pages\/6309\/revisions\/29961"}],"wp:attachment":[{"href":"https:\/\/moscati.org\/index.php\/wp-json\/wp\/v2\/media?parent=6309"}],"curies":[{"name":"wp","href":"https:\/\/api.w.org\/{rel}","templated":true}]}}