{"id":5692,"date":"2022-11-28T23:04:56","date_gmt":"2022-11-28T23:04:56","guid":{"rendered":"https:\/\/moscati.org\/?page_id=5692"},"modified":"2023-01-06T18:01:06","modified_gmt":"2023-01-06T18:01:06","slug":"hopital-fondation","status":"publish","type":"page","link":"https:\/\/moscati.org\/index.php\/hopital-fondation\/","title":{"rendered":"H\u00f4pital &#038; Fondation"},"content":{"rendered":"<section class=\"wpb-content-wrapper\"><p>[vc_row top_margin=\u00a0\u00bbpage-margin-top\u00a0\u00bb][vc_column width=\u00a0\u00bb1\/2&Prime;]<div class=\"gallery-box small-slider \"><ul class=\"image-carousel small-slider id-small-slider autoplay-0 pause_on_hover-1 scroll-1 effect-scroll easing-easeInOutQuint duration-750\"><li><img loading=\"lazy\" decoding=\"async\" width=\"570\" height=\"380\" src=\"https:\/\/moscati.org\/wp-content\/uploads\/2022\/12\/presentation_moscati.jpg\" class=\"attachment-medicenter-gallery-image size-medicenter-gallery-image\" alt=\"\" srcset=\"https:\/\/moscati.org\/wp-content\/uploads\/2022\/12\/presentation_moscati.jpg 570w, https:\/\/moscati.org\/wp-content\/uploads\/2022\/12\/presentation_moscati-300x200.jpg 300w, https:\/\/moscati.org\/wp-content\/uploads\/2022\/12\/presentation_moscati-480x320.jpg 480w, https:\/\/moscati.org\/wp-content\/uploads\/2022\/12\/presentation_moscati-390x260.jpg 390w, https:\/\/moscati.org\/wp-content\/uploads\/2022\/12\/presentation_moscati-285x190.jpg 285w\" sizes=\"auto, (max-width: 570px) 100vw, 570px\" \/><ul class=\"controls\">\n\t\t\t\t<li>\n\t\t\t\t\t<a href=\"https:\/\/moscati.org\/wp-content\/uploads\/2022\/12\/presentation_moscati.jpg\" class=\"template-plus-2 fancybox open-lightbox\" rel=\"small_slider[small-slider]\"><\/a>\n\t\t\t\t<\/li>\n\t\t\t<\/ul>\n\t\t<\/li><\/ul><\/div>[\/vc_column][vc_column width=\u00a0\u00bb1\/2&Prime;]<h2 class=\"box-header\">Pr\u00e9sentation de l\u2019h\u00f4pital<\/h2>[vc_column_text]<\/p>\n<p style=\"text-align: justify;\">Situ\u00e9e \u00e0 Yamoussoukro, capitale de la C\u00f4te d\u2019Ivoire, son emplacement a \u00e9t\u00e9 choisi par le premier pr\u00e9sident du pays, F\u00e9lix Houphou\u00ebt-Boigny.<\/p>\n<p style=\"text-align: justify;\">Ouvert le 12 janvier 2015, sur une superficie de 2ha\/25ha avec une capacit\u00e9 d\u2019accueil actuelle de deux cent (200) lits, l\u2019H\u00f4pital Catholique Saint Joseph MOSCATI est un \u00e9tablissement hospitalier caritatif \u00e0 but non lucratif, construit par la Fondation Internationale Notre Dame de la paix et accompagn\u00e9 dans la gestion par les Religieux Camilliens.<\/p>\n<p style=\"text-align: justify;\">Il fonctionne selon les principes de la charit\u00e9 et de la morale chr\u00e9tienne catholique (le respect de la vie, la dignit\u00e9 et la promotion de la personne humaine).<\/p>\n<p style=\"text-align: justify;\">Il est r\u00e9gi par la convention du 20 mai 1992 pass\u00e9e entre le Gouvernement de la R\u00e9publique de la C\u00f4te d\u2019Ivoire et la Fondation Internationale Notre Dame de la Paix.<\/p>\n<p>[\/vc_column_text][\/vc_column][\/vc_row][vc_row][vc_column][vc_column_text]L\u2019H\u00f4pital Catholique Saint Joseph MOSCATI est conduit par :[\/vc_column_text][vc_row_inner][vc_column_inner width=\u00a0\u00bb1\/2&Prime;]<ul class=\"simple-list clearfix\"><li class=\"template-tick-2 clearfix\">\n\t\t\t<span>Les soins curatifs, pr\u00e9ventifs et promotionnels de qualit\u00e9, financi\u00e8rement accessibles \u00e0 tous, notamment aux plus pauvres<\/span><\/li><li class=\"template-tick-2 clearfix\">\n\t\t\t<span>La formation du personnel de soins et \u00e0 la recherche m\u00e9dicale<\/span><\/li><\/ul>[\/vc_column_inner][vc_column_inner width=\u00a0\u00bb1\/2&Prime;]<ul class=\"simple-list clearfix\"><li class=\"template-tick-2 clearfix\">\n\t\t\t<span>Les tarifs sociaux<\/span><\/li><li class=\"template-tick-2 clearfix\">\n\t\t\t<span>Prise en charge de haut niveau et global<\/span><\/li><\/ul>[\/vc_column_inner][\/vc_row_inner][vc_row_inner top_margin=\u00a0\u00bbpage-margin-top\u00a0\u00bb][vc_column_inner width=\u00a0\u00bb1\/2&Prime;]<div class=\"gallery-box small-slider \"><ul class=\"image-carousel small-slider id-small-slider autoplay-0 pause_on_hover-1 scroll-1 effect-scroll easing-easeInOutQuint duration-750\"><li><img loading=\"lazy\" decoding=\"async\" width=\"570\" height=\"380\" src=\"https:\/\/moscati.org\/wp-content\/uploads\/2023\/01\/basilique.jpg\" class=\"attachment-medicenter-gallery-image size-medicenter-gallery-image\" alt=\"\" srcset=\"https:\/\/moscati.org\/wp-content\/uploads\/2023\/01\/basilique.jpg 570w, https:\/\/moscati.org\/wp-content\/uploads\/2023\/01\/basilique-300x200.jpg 300w, https:\/\/moscati.org\/wp-content\/uploads\/2023\/01\/basilique-480x320.jpg 480w, https:\/\/moscati.org\/wp-content\/uploads\/2023\/01\/basilique-390x260.jpg 390w, https:\/\/moscati.org\/wp-content\/uploads\/2023\/01\/basilique-285x190.jpg 285w\" sizes=\"auto, (max-width: 570px) 100vw, 570px\" \/><ul class=\"controls\">\n\t\t\t\t<li>\n\t\t\t\t\t<a href=\"https:\/\/moscati.org\/wp-content\/uploads\/2023\/01\/basilique.jpg\" class=\"template-plus-2 fancybox open-lightbox\" rel=\"small_slider[small-slider]\"><\/a>\n\t\t\t\t<\/li>\n\t\t\t<\/ul>\n\t\t<\/li><\/ul><\/div>[\/vc_column_inner][vc_column_inner width=\u00a0\u00bb1\/2&Prime;]<h2 class=\"box-header\">Pr\u00e9sentation de la fondation<\/h2>[vc_column_text]<\/p>\n<p style=\"text-align: justify;\">Constitu\u00e9e et \u00e9rig\u00e9e par sa saintet\u00e9 le Pape Jean-Paul II (de v\u00e9n\u00e9r\u00e9e m\u00e9moire), dans l\u2019Etat du Vatican le 10 septembre 1990, cette institution est dot\u00e9e d\u2019une personnalit\u00e9 juridique et canonique. Sa cr\u00e9ation rel\u00e8ve d\u2019une convention entre l\u2019Etat de C\u00f4te d\u2019Ivoire (S.E <strong>AMARA ESSY<\/strong>, Ministre des Affaires \u00c9trang\u00e8res) et le Saint-Si\u00e8ge (S.E <strong>JANUSZ BOLONEK<\/strong>, Archev\u00eaque tit. de Madaurus, Nonce Apostolique), sign\u00e9 le 20 mai 1992.<\/p>\n<p style=\"text-align: justify;\">Son si\u00e8ge l\u00e9gal est situ\u00e9 au Vatican et celui administratif est situ\u00e9 en C\u00f4te d\u2019Ivoire, pr\u00e9cis\u00e9ment \u00e0 Yamoussoukro.<\/p>\n<p style=\"text-align: justify;\">La fondation Notre-Dame de la paix (FINDP) est administr\u00e9e par un Conseil d\u2019Administration, compos\u00e9e de huit membres dont quatre (04) ex-officio et quatre copt\u00e9s.<\/p>\n<p style=\"text-align: justify;\">Pr\u00e9sid\u00e9 depuis de nombreuses ann\u00e9es par <strong>Mgr Laurent Akran Mandjo<\/strong>, le Conseil d\u2019Administration est actuellement pr\u00e9sid\u00e9 par <strong>Mgr LEZOUTIE<\/strong>.<\/p>\n<p>[\/vc_column_text][\/vc_column_inner][\/vc_row_inner][vc_column_text]<\/p>\n<p style=\"text-align: justify;\">Le Nonce Apostolique en C\u00f4te d\u2019Ivoire, repr\u00e9sentant le Pape, assure la transition entre la secr\u00e9tairerie d\u2019Etat du Vatican et le Conseil d\u2019Administration de la Fondation International Notre Dame de la Paix (FINDP).<\/p>\n<p style=\"text-align: justify;\">Les objectifs de la FINDP sont :<\/p>\n<p>[\/vc_column_text][vc_row_inner][vc_column_inner width=\u00a0\u00bb1\/3&Prime;]<ul class=\"simple-list clearfix\"><li class=\"template-tick-2 clearfix\">\n\t\t\t<span><strong>Promouvoir<\/strong> le rayonnement spirituel et pastoral de la Basilique Notre-Dame de la Paix, en fournissant les moyens ad\u00e9quats et n\u00e9cessaires.<\/span><\/li><\/ul>[\/vc_column_inner][vc_column_inner width=\u00a0\u00bb1\/3&Prime;]<ul class=\"simple-list clearfix\"><li class=\"template-tick-2 clearfix\">\n\t\t\t<span><strong>R\u00e9aliser<\/strong> des projets dits annexes : centre m\u00e9dical, station radiodiffusion, universit\u00e9 ainsi que d\u2019autres r\u00e9alisations \u00e9ventuelles.<\/span><\/li><\/ul>[\/vc_column_inner][vc_column_inner width=\u00a0\u00bb1\/3&Prime;]<ul class=\"simple-list clearfix\"><li class=\"template-tick-2 clearfix\">\n\t\t\t<span><strong>Entretenir<\/strong> et mettre en valeur des projets d\u00e9j\u00e0 ex\u00e9cut\u00e9s pour une meilleure conservation.<\/span><\/li><\/ul>[\/vc_column_inner][\/vc_row_inner][\/vc_column][\/vc_row]<\/p>\n<\/section>","protected":false},"excerpt":{"rendered":"<p>[vc_row top_margin=\u00a0\u00bbpage-margin-top\u00a0\u00bb][vc_column width=\u00a0\u00bb1\/2&Prime;][\/vc_column][vc_column width=\u00a0\u00bb1\/2&Prime;][vc_column_text] Situ\u00e9e \u00e0 Yamoussoukro, capitale de la C\u00f4te d\u2019Ivoire, son emplacement a \u00e9t\u00e9 choisi par le premier pr\u00e9sident du pays, F\u00e9lix Houphou\u00ebt-Boigny. Ouvert le 12 janvier 2015, sur une superficie de 2ha\/25ha avec une capacit\u00e9 d\u2019accueil actuelle de deux cent (200) lits, l\u2019H\u00f4pital Catholique Saint Joseph MOSCATI est un \u00e9tablissement hospitalier caritatif<\/p>\n","protected":false},"author":1,"featured_media":0,"parent":0,"menu_order":0,"comment_status":"closed","ping_status":"closed","template":"","meta":{"footnotes":""},"class_list":["post-5692","page","type-page","status-publish","hentry"],"_links":{"self":[{"href":"https:\/\/moscati.org\/index.php\/wp-json\/wp\/v2\/pages\/5692","targetHints":{"allow":["GET"]}}],"collection":[{"href":"https:\/\/moscati.org\/index.php\/wp-json\/wp\/v2\/pages"}],"about":[{"href":"https:\/\/moscati.org\/index.php\/wp-json\/wp\/v2\/types\/page"}],"author":[{"embeddable":true,"href":"https:\/\/moscati.org\/index.php\/wp-json\/wp\/v2\/users\/1"}],"replies":[{"embeddable":true,"href":"https:\/\/moscati.org\/index.php\/wp-json\/wp\/v2\/comments?post=5692"}],"version-history":[{"count":26,"href":"https:\/\/moscati.org\/index.php\/wp-json\/wp\/v2\/pages\/5692\/revisions"}],"predecessor-version":[{"id":5694,"href":"https:\/\/moscati.org\/index.php\/wp-json\/wp\/v2\/pages\/5692\/revisions\/5694"}],"wp:attachment":[{"href":"https:\/\/moscati.org\/index.php\/wp-json\/wp\/v2\/media?parent=5692"}],"curies":[{"name":"wp","href":"https:\/\/api.w.org\/{rel}","templated":true}]}}