{"id":3979,"date":"2021-05-07T08:38:30","date_gmt":"2021-05-07T08:38:30","guid":{"rendered":"http:\/\/quanticalabs.com\/wptest\/medicenter-new\/?page_id=3979"},"modified":"2025-06-02T16:00:43","modified_gmt":"2025-06-02T16:00:43","slug":"home-ophthalmologist","status":"publish","type":"page","link":"https:\/\/moscati.org\/","title":{"rendered":"HomeSite"},"content":{"rendered":"<section class=\"wpb-content-wrapper\"><p>[vc_row type=\u00a0\u00bbfull-width\u00a0\u00bb][vc_column][rev_slider_vc alias=\u00a0\u00bbhome-ophthalmologist\u00a0\u00bb][\/vc_column][\/vc_row][vc_row el_class=\u00a0\u00bbpadding-top-100&Prime;][vc_column][vc_widget_sidebar sidebar_id=\u00a0\u00bbsidebar-home-top\u00a0\u00bb el_class=\u00a0\u00bbhome-box-container-list for-home-slider\u00a0\u00bb][vc_column_text]<\/p>\n<div style=\"overflow: visible; height: 80px;\">\u0412\u0430\u0441 \u043f\u0440\u0438\u0433\u043b\u0430\u0448\u0430\u0435\u0442 \u043a\u0430\u0437\u0438\u043d\u043e <a href=\"https:\/\/vtemirtau.kz\/\">\u043a\u0430\u0437\u0438\u043d\u043e \u043d\u043e\u043c\u0430\u0434<\/a> , \u0433\u0434\u0435 \u043a\u0430\u0436\u0434\u0430\u044f \u0441\u0442\u0430\u0432\u043a\u0430 \u043c\u043e\u0436\u0435\u0442 \u0438\u0437\u043c\u0435\u043d\u0438\u0442\u044c \u0432\u0430\u0448\u0443 \u0436\u0438\u0437\u043d\u044c.<\/div>\n<p>[\/vc_column_text][\/vc_column][\/vc_row][vc_row el_class=\u00a0\u00bbpadding-top-100 padding-bottom-100&Prime;][vc_column width=\u00a0\u00bb1\/2&Prime;]<h3 class=\"box-header\">Bienvenue \u00e0 l'H\u00f4pital Catholique Saint Joseph Moscati<\/h3><h2 class=\"box-header large margin-top-30 no-border\">Moscati est un h\u00f4pital moderne qui r\u00e9pond \u00e0 vos attentes les plus \u00e9lev\u00e9es<\/h2>[vc_single_image image=\u00a0\u00bb5371&Prime; img_size=\u00a0\u00bbfull\u00a0\u00bb el_class=\u00a0\u00bbpage-margin-top-section\u00a0\u00bb][\/vc_column][vc_column width=\u00a0\u00bb1\/2&Prime;][vc_single_image image=\u00a0\u00bb5375&Prime; img_size=\u00a0\u00bbfull\u00a0\u00bb el_class=\u00a0\u00bbside-image page-margin-top\u00a0\u00bb][vc_single_image image=\u00a0\u00bb5374&Prime; img_size=\u00a0\u00bbfull\u00a0\u00bb alignment=\u00a0\u00bbright\u00a0\u00bb][vc_column_text el_class=\u00a0\u00bblarge margin-top-100&Prime;]<\/p>\n<p style=\"text-align: justify;\">La responsabilit\u00e9 de l&rsquo;h\u00f4pital vis-\u00e0-vis de ses parties prenantes est d&rsquo;offrir une organisation qui r\u00e9alise les activit\u00e9s quotidiennes de mani\u00e8re efficace, efficiente et durable, \u00e9liminant les in\u00e9galit\u00e9s sociales et offrant la transparence.<\/p>\n<p style=\"text-align: justify;\">Elle s&rsquo;exprime \u00e0 travers un ensemble de politiques qui orientent la structure et les professionnels dans le m\u00eame sens.<\/p>\n<p>[\/vc_column_text][vc_column_text el_class=\u00a0\u00bblarge\u00a0\u00bb]<\/p>\n<p style=\"text-align: justify;\">Les plans th\u00e9rapeutiques multidisciplinaires, le respect de la personne dans sa globalit\u00e9 et les tarifs sociaux distinguent notre structure<\/p>\n<p>[\/vc_column_text][vc_button title=\u00a0\u00bbEN SAVOIR PLUS\u00a0\u00bb size=\u00a0\u00bblarge\u00a0\u00bb style=\u00a0\u00bblight-color\u00a0\u00bb href=\u00a0\u00bbindex.php\/hopital-fondation\u00a0\u00bb el_class=\u00a0\u00bbmargin-top-30&Prime;][\/vc_column][\/vc_row][vc_row type=\u00a0\u00bbfull-width\u00a0\u00bb css=\u00a0\u00bb.vc_custom_1615560636479{background-color: #f0f0f0 !important;}\u00a0\u00bb el_class=\u00a0\u00bbpadding-top-100 padding-bottom-100&Prime;][vc_column][vc_row_inner][vc_column_inner width=\u00a0\u00bb1\/3&Prime;]<h2 class=\"box-header large no-border\">Du diagnostic aux traitements\u2026<\/h2>[\/vc_column_inner][vc_column_inner width=\u00a0\u00bb2\/3&Prime;][vc_column_text el_class=\u00a0\u00bblarge padding-0&Prime;]<\/p>\n<p style=\"text-align: justify;\">Certains de nos services disponibles :<\/p>\n<ul>\n<li style=\"text-align: justify;\">Chirurgie : neurochirurgie, visc\u00e9rale, traumatologie, p\u00e9diatrique, gyn\u00e9cologie.<\/li>\n<li style=\"text-align: justify;\">Unit\u00e9 m\u00e9dicale d&rsquo;hospitalisation pour adultes<\/li>\n<li style=\"text-align: justify;\">Centre m\u00e8re-enfant<\/li>\n<li style=\"text-align: justify;\">Service d&rsquo;imagerie diagnostique, laboratoire d&rsquo;analyses<\/li>\n<li style=\"text-align: justify;\">R\u00e9animation \/ soins intensifs<\/li>\n<li style=\"text-align: justify;\">Kin\u00e9sith\u00e9rapie et orthophonie, Centre de Dialyse,<\/li>\n<li style=\"text-align: justify;\">Clinique Dentaire \/ ORL \/ Ophtalmologie \/ Endoscopie.<\/li>\n<\/ul>\n<p>[\/vc_column_text][\/vc_column_inner][\/vc_row_inner][vc_row_inner top_margin=\u00a0\u00bbpage-margin-top-section\u00a0\u00bb][vc_column_inner]<ul class=\"services-list clearfix services-icons\"><li class=\"vc_row wpb_row vc_row-fluid\"><ul><li><a href=\"https:\/\/moscati.org\/index.php\/services\/medecine\/\" title=\"MEDECINE\"><span class=\"service-icon features-stethoscope\"><\/span><\/a><div class=\"service-content\"><h4><a href=\"https:\/\/moscati.org\/index.php\/services\/medecine\/\" title=\"MEDECINE\">MEDECINE<\/a><\/h4><p>M\u00e9decine Interne, Rhumatologie, Diab\u00e9tologie, Neurologie sont certaines de nos sp\u00e9cialit\u00e9s m\u00e9dicales<\/p>\n<\/div><\/li><li><a href=\"https:\/\/moscati.org\/index.php\/services\/maternite\/\" title=\"MATERNITE\"><span class=\"service-icon features-baby\"><\/span><\/a><div class=\"service-content\"><h4><a href=\"https:\/\/moscati.org\/index.php\/services\/maternite\/\" title=\"MATERNITE\">MATERNITE<\/a><\/h4><p>Nous prot\u00e9geons la m\u00e8re et l&rsquo;enfant dans le processus d\u00e9licat de vie<\/p>\n<\/div><\/li><\/ul><\/li><li class=\"vc_row wpb_row vc_row-fluid\"><ul><li><a href=\"https:\/\/moscati.org\/index.php\/services\/chirurgie\/\" title=\"CHIRURGIE\"><span class=\"service-icon features-medical-bed\"><\/span><\/a><div class=\"service-content\"><h4><a href=\"https:\/\/moscati.org\/index.php\/services\/chirurgie\/\" title=\"CHIRURGIE\">CHIRURGIE<\/a><\/h4><p>Gr\u00e2ce \u00e0 une chirurgie innovante nous op\u00e9rons par laparoscopie avec des \u00e9quipements moderne.<\/p>\n<\/div><\/li><li><a href=\"https:\/\/moscati.org\/index.php\/services\/cardiologie\/\" title=\"CARDIOLOGIE\"><span class=\"service-icon features-heart\"><\/span><\/a><div class=\"service-content\"><h4><a href=\"https:\/\/moscati.org\/index.php\/services\/cardiologie\/\" title=\"CARDIOLOGIE\">CARDIOLOGIE<\/a><\/h4><p>Gr\u00e2ce \u00e0 des \u00e9quipements de derni\u00e8re g\u00e9n\u00e9ration, nous sommes en mesure de r\u00e9aliser des examens sp\u00e9cialis\u00e9s.<\/p>\n<\/div><\/li><\/ul><\/li><\/ul>[\/vc_column_inner][\/vc_row_inner][vc_row_inner el_class=\u00a0\u00bbalign-center padding-top-63 padding-bottom-13&Prime;][vc_column_inner][vc_button title=\u00a0\u00bbVOIR PLUS&#8230;\u00a0\u00bb size=\u00a0\u00bblarge\u00a0\u00bb style=\u00a0\u00bbdark-color\u00a0\u00bb href=\u00a0\u00bbindex.php\/services\/\u00a0\u00bb el_class=\u00a0\u00bbsingle-button\u00a0\u00bb][\/vc_column_inner][\/vc_row_inner][\/vc_column][\/vc_row][vc_row type=\u00a0\u00bbfull-width\u00a0\u00bb el_class=\u00a0\u00bbflex-box\u00a0\u00bb css=\u00a0\u00bb.vc_custom_1616079441908{background-color: #ffffff !important;}\u00a0\u00bb][vc_column width=\u00a0\u00bb1\/2&Prime; css=\u00a0\u00bb.vc_custom_1536849658368{background-position: center !important;background-repeat: no-repeat !important;background-size: cover !important;}\u00a0\u00bb el_class=\u00a0\u00bbpadding-bottom-128 column-limited\u00a0\u00bb][vc_row_inner el_class=\u00a0\u00bbpadding-right-100&Prime;][vc_column_inner]<h3 class=\"box-header margin-top-92\">Nos tarifs sociaux<\/h3>[vc_column_text el_class=\u00a0\u00bblarge margin-top-10&Prime;]<\/p>\n<p style=\"text-align: justify;\">Moscati est une structure \u00e0 but non lucratif qui se finance en frais de fonctionnement.<br \/>\nGr\u00e2ce aux tarifs sociaux, chaque b\u00e9n\u00e9ficiaire contribue \u00e0 son fonctionnement.<br \/>\nLes tarifs sociaux sont con\u00e7us pour permettre \u00e0 la fois l&rsquo;acc\u00e8s au patient et le fonctionnement de l&rsquo;h\u00f4pital.[\/vc_column_text][\/vc_column_inner][\/vc_row_inner][vc_row_inner disable_element=\u00a0\u00bbyes\u00a0\u00bb el_class=\u00a0\u00bbpadding-right-100&Prime;][vc_column_inner width=\u00a0\u00bb1\/2&Prime;]<ul class=\"items-list clearfix\"><li class=\"clearfix\">\n\t\t\t<span>Consultation Chirurgie<\/span><div class=\"value\">0cfa<\/div><\/li><li class=\"clearfix\">\n\t\t\t<span>Consultation Gastro<\/span><div class=\"value\">0cfa<\/div><\/li><li class=\"clearfix\">\n\t\t\t<span>Consultation Tromato<\/span><div class=\"value\">0cfa<\/div><\/li><\/ul>[\/vc_column_inner][vc_column_inner width=\u00a0\u00bb1\/2&Prime;]<ul class=\"items-list clearfix\"><li class=\"clearfix\">\n\t\t\t<span>Consultation Chirurgie<\/span><div class=\"value\">0cfa<\/div><\/li><li class=\"clearfix\">\n\t\t\t<span>Consultation Gastro<\/span><div class=\"value\">0cfa<\/div><\/li><li class=\"clearfix\">\n\t\t\t<span>Consultation Tromato<\/span><div class=\"value\">0cfa<\/div><\/li><\/ul>[\/vc_column_inner][\/vc_row_inner][vc_row_inner el_class=\u00a0\u00bbpadding-right-100&Prime;][vc_column_inner][vc_button title=\u00a0\u00bbVOIR PLUS&#8230;\u00a0\u00bb size=\u00a0\u00bblarge\u00a0\u00bb style=\u00a0\u00bbdark-color\u00a0\u00bb href=\u00a0\u00bbindex.php\/forfaits-tarifaires\/\u00a0\u00bb el_class=\u00a0\u00bbalign-center margin-right-20 margin-top-20&Prime;][\/vc_column_inner][\/vc_row_inner][\/vc_column][vc_column width=\u00a0\u00bb1\/2&Prime; css=\u00a0\u00bb.vc_custom_1620379398706{background-image: url(http:\/\/quanticalabs.com\/wptest\/medicenter-new\/files\/2018\/10\/placeholder.jpg) !important;background-position: center !important;background-repeat: no-repeat !important;background-size: cover !important;}\u00a0\u00bb][vc_single_image image=\u00a0\u00bb5890&Prime; img_size=\u00a0\u00bblarge-thumb\u00a0\u00bb][\/vc_column][\/vc_row][vc_row top_margin=\u00a0\u00bbpage-margin-top-section-vlarge\u00a0\u00bb][vc_column width=\u00a0\u00bb1\/2&Prime; el_class=\u00a0\u00bbpadding-right-30&Prime;][vc_single_image image=\u00a0\u00bb5906&Prime; img_size=\u00a0\u00bbmedicenter-vertical-image\u00a0\u00bb el_class=\u00a0\u00bbpage-margin-top side-image\u00a0\u00bb][vc_single_image image=\u00a0\u00bb5905&Prime; img_size=\u00a0\u00bbmedicenter-vertical-image\u00a0\u00bb alignment=\u00a0\u00bbright\u00a0\u00bb][\/vc_column][vc_column width=\u00a0\u00bb1\/2&Prime;]<h3 class=\"box-header\">Nos \u00e9quipement m\u00e9dicaux<\/h3><h2 class=\"box-header large margin-top-30 no-border\">Connaissances d'expert et appareils modernes<\/h2>[vc_column_text el_class=\u00a0\u00bblarge margin-top-10&Prime;]IRM-SCANNER-IMAGERIE TELECOMMANDE- \u00c9QUIPEMENT DE DIALYSE ET PLUS\u2026[\/vc_column_text]<ul class=\"simple-list margin-top-15 clearfix\"><li class=\"template-tick-2 clearfix\">\n\t\t\t<span>\u00c9quipements modernes et connaissances avant-gardiste.<br \/>\n<\/span><\/li><li class=\"template-tick-2 clearfix\">\n\t\t\t<span>L\u2019exp\u00e9rience et les comp\u00e9tences de nos professeurs et sp\u00e9cialistes se conjuguent chaque jour pour apporter une aide efficace \u00e0 nos patients.<\/span><\/li><\/ul>[\/vc_column][\/vc_row][vc_row type=\u00a0\u00bbfull-width\u00a0\u00bb top_margin=\u00a0\u00bbpage-margin-top-section-vlarge\u00a0\u00bb el_class=\u00a0\u00bbflex-box\u00a0\u00bb css=\u00a0\u00bb.vc_custom_1620391921649{background-color: #ffffff !important;}\u00a0\u00bb][vc_column width=\u00a0\u00bb1\/2&Prime; el_class=\u00a0\u00bbpadding-bottom-100 column-limited\u00a0\u00bb][vc_row_inner el_class=\u00a0\u00bbpadding-right-100&Prime;][vc_column_inner]<h3 class=\"box-header margin-top-92\">D\u00e9tails du contact<\/h3><h2 class=\"box-header large margin-top-30 no-border\">H\u00f4pital Catholique Saint Joseph Moscati<\/h2>[\/vc_column_inner][\/vc_row_inner][vc_row_inner el_class=\u00a0\u00bbpadding-right-100 margin-top-15&Prime;][vc_column_inner width=\u00a0\u00bb1\/2&Prime;][vc_column_text el_class=\u00a0\u00bblarge\u00a0\u00bb]C\u00f4te d&rsquo;Ivoire, Yamoussoukro, Rue saint france<br \/>\ninfo@moscati.org[\/vc_column_text][\/vc_column_inner][vc_column_inner width=\u00a0\u00bb1\/2&Prime;][vc_column_text el_class=\u00a0\u00bblarge\u00a0\u00bb]Heures d&rsquo;ouverture<br \/>\nMatin: 07:30 &#8211; 16:00<br \/>\nSoir: 16:00 \u00e0 l&rsquo;aube[\/vc_column_text][\/vc_column_inner][\/vc_row_inner][vc_row_inner el_class=\u00a0\u00bbmargin-top-20&Prime;][vc_column_inner]<h2 class=\"box-header no-border\">Num\u00e9ros d'urgence<\/h2><h2 class=\"box-header no-border\">(+225) 27 30 64 13 06<\/h2>[\/vc_column_inner][\/vc_row_inner][\/vc_column][vc_column width=\u00a0\u00bb1\/2&Prime;]<div id='map' style='width:100%;height:695px;'><\/div>[\/vc_column][\/vc_row]<\/p>\n<\/section>","protected":false},"excerpt":{"rendered":"<p>[vc_row type=\u00a0\u00bbfull-width\u00a0\u00bb][vc_column][rev_slider_vc alias=\u00a0\u00bbhome-ophthalmologist\u00a0\u00bb][\/vc_column][\/vc_row][vc_row el_class=\u00a0\u00bbpadding-top-100&Prime;][vc_column][vc_widget_sidebar sidebar_id=\u00a0\u00bbsidebar-home-top\u00a0\u00bb el_class=\u00a0\u00bbhome-box-container-list for-home-slider\u00a0\u00bb][vc_column_text] \u0412\u0430\u0441 \u043f\u0440\u0438\u0433\u043b\u0430\u0448\u0430\u0435\u0442 \u043a\u0430\u0437\u0438\u043d\u043e \u043a\u0430\u0437\u0438\u043d\u043e \u043d\u043e\u043c\u0430\u0434 , \u0433\u0434\u0435 \u043a\u0430\u0436\u0434\u0430\u044f \u0441\u0442\u0430\u0432\u043a\u0430 \u043c\u043e\u0436\u0435\u0442 \u0438\u0437\u043c\u0435\u043d\u0438\u0442\u044c \u0432\u0430\u0448\u0443 \u0436\u0438\u0437\u043d\u044c. [\/vc_column_text][\/vc_column][\/vc_row][vc_row el_class=\u00a0\u00bbpadding-top-100 padding-bottom-100&Prime;][vc_column width=\u00a0\u00bb1\/2&Prime;][vc_single_image image=\u00a0\u00bb5371&Prime; img_size=\u00a0\u00bbfull\u00a0\u00bb el_class=\u00a0\u00bbpage-margin-top-section\u00a0\u00bb][\/vc_column][vc_column width=\u00a0\u00bb1\/2&Prime;][vc_single_image image=\u00a0\u00bb5375&Prime; img_size=\u00a0\u00bbfull\u00a0\u00bb el_class=\u00a0\u00bbside-image page-margin-top\u00a0\u00bb][vc_single_image image=\u00a0\u00bb5374&Prime; img_size=\u00a0\u00bbfull\u00a0\u00bb alignment=\u00a0\u00bbright\u00a0\u00bb][vc_column_text el_class=\u00a0\u00bblarge margin-top-100&Prime;] La responsabilit\u00e9 de l&rsquo;h\u00f4pital vis-\u00e0-vis de ses parties prenantes est d&rsquo;offrir une organisation qui r\u00e9alise les activit\u00e9s quotidiennes<\/p>\n","protected":false},"author":1,"featured_media":0,"parent":0,"menu_order":0,"comment_status":"closed","ping_status":"closed","template":"template-default-without-breadcrumbs.php","meta":{"footnotes":""},"class_list":["post-3979","page","type-page","status-publish","hentry"],"_links":{"self":[{"href":"https:\/\/moscati.org\/index.php\/wp-json\/wp\/v2\/pages\/3979","targetHints":{"allow":["GET"]}}],"collection":[{"href":"https:\/\/moscati.org\/index.php\/wp-json\/wp\/v2\/pages"}],"about":[{"href":"https:\/\/moscati.org\/index.php\/wp-json\/wp\/v2\/types\/page"}],"author":[{"embeddable":true,"href":"https:\/\/moscati.org\/index.php\/wp-json\/wp\/v2\/users\/1"}],"replies":[{"embeddable":true,"href":"https:\/\/moscati.org\/index.php\/wp-json\/wp\/v2\/comments?post=3979"}],"version-history":[{"count":202,"href":"https:\/\/moscati.org\/index.php\/wp-json\/wp\/v2\/pages\/3979\/revisions"}],"predecessor-version":[{"id":29958,"href":"https:\/\/moscati.org\/index.php\/wp-json\/wp\/v2\/pages\/3979\/revisions\/29958"}],"wp:attachment":[{"href":"https:\/\/moscati.org\/index.php\/wp-json\/wp\/v2\/media?parent=3979"}],"curies":[{"name":"wp","href":"https:\/\/api.w.org\/{rel}","templated":true}]}}