{"id":3794,"date":"2018-10-25T11:45:48","date_gmt":"2018-10-25T11:45:48","guid":{"rendered":"http:\/\/quanticalabs.com\/wptest\/medicenter-new\/?page_id=3794"},"modified":"2024-07-29T17:25:57","modified_gmt":"2024-07-29T17:25:57","slug":"services","status":"publish","type":"page","link":"https:\/\/moscati.org\/index.php\/services\/","title":{"rendered":"Services"},"content":{"rendered":"<section class=\"wpb-content-wrapper\"><p>[vc_row top_margin=\u00a0\u00bbpage-margin-top-section\u00a0\u00bb][vc_column]<ul class=\"services-list clearfix services-spacing\"><li class=\"vc_row wpb_row vc_row-fluid\"><ul><li><a href=\"https:\/\/moscati.org\/index.php\/services\/medecine\/\" title=\"MEDECINE\"><img loading=\"lazy\" decoding=\"async\" width=\"480\" height=\"320\" src=\"https:\/\/moscati.org\/wp-content\/uploads\/2022\/12\/medecine1-480x320.jpg\" class=\"attachment-medium-thumb size-medium-thumb wp-post-image\" alt=\"MEDECINE\" title=\"\" srcset=\"https:\/\/moscati.org\/wp-content\/uploads\/2022\/12\/medecine1-480x320.jpg 480w, https:\/\/moscati.org\/wp-content\/uploads\/2022\/12\/medecine1-300x200.jpg 300w, https:\/\/moscati.org\/wp-content\/uploads\/2022\/12\/medecine1-390x260.jpg 390w, https:\/\/moscati.org\/wp-content\/uploads\/2022\/12\/medecine1-285x190.jpg 285w, https:\/\/moscati.org\/wp-content\/uploads\/2022\/12\/medecine1.jpg 570w\" sizes=\"auto, (max-width: 480px) 100vw, 480px\" \/><\/a><div class=\"service-details\"><h4 class=\"box-header\"><a href=\"https:\/\/moscati.org\/index.php\/services\/medecine\/\" title=\"MEDECINE\">MEDECINE<\/a><\/h4><p>M\u00e9decine Interne, Rhumatologie, Diab\u00e9tologie, Neurologie sont certaines de nos sp\u00e9cialit\u00e9s m\u00e9dicales<\/p>\n<\/div><\/li><li><a href=\"https:\/\/moscati.org\/index.php\/services\/pediatrie\/\" title=\"PEDIATRIE\"><img loading=\"lazy\" decoding=\"async\" width=\"480\" height=\"320\" src=\"https:\/\/moscati.org\/wp-content\/uploads\/2018\/10\/pedi2-480x320.jpg\" class=\"attachment-medium-thumb size-medium-thumb wp-post-image\" alt=\"PEDIATRIE\" title=\"\" srcset=\"https:\/\/moscati.org\/wp-content\/uploads\/2018\/10\/pedi2-480x320.jpg 480w, https:\/\/moscati.org\/wp-content\/uploads\/2018\/10\/pedi2-300x200.jpg 300w, https:\/\/moscati.org\/wp-content\/uploads\/2018\/10\/pedi2-390x260.jpg 390w, https:\/\/moscati.org\/wp-content\/uploads\/2018\/10\/pedi2-285x190.jpg 285w, https:\/\/moscati.org\/wp-content\/uploads\/2018\/10\/pedi2.jpg 570w\" sizes=\"auto, (max-width: 480px) 100vw, 480px\" \/><\/a><div class=\"service-details\"><h4 class=\"box-header\"><a href=\"https:\/\/moscati.org\/index.php\/services\/pediatrie\/\" title=\"PEDIATRIE\">PEDIATRIE<\/a><\/h4><p>L\u2019unit\u00e9 assure une prise en charge pluridisciplinaire des patients atteints de pathologies aigu\u00ebs ou graves et chroniques.<\/p>\n<\/div><\/li><li><a href=\"https:\/\/moscati.org\/index.php\/services\/cardiologie\/\" title=\"CARDIOLOGIE\"><img loading=\"lazy\" decoding=\"async\" width=\"480\" height=\"320\" src=\"https:\/\/moscati.org\/wp-content\/uploads\/2022\/11\/cardio1-1-480x320.jpg\" class=\"attachment-medium-thumb size-medium-thumb wp-post-image\" alt=\"CARDIOLOGIE\" title=\"\" srcset=\"https:\/\/moscati.org\/wp-content\/uploads\/2022\/11\/cardio1-1-480x320.jpg 480w, https:\/\/moscati.org\/wp-content\/uploads\/2022\/11\/cardio1-1-300x200.jpg 300w, https:\/\/moscati.org\/wp-content\/uploads\/2022\/11\/cardio1-1-390x260.jpg 390w, https:\/\/moscati.org\/wp-content\/uploads\/2022\/11\/cardio1-1-285x190.jpg 285w, https:\/\/moscati.org\/wp-content\/uploads\/2022\/11\/cardio1-1.jpg 570w\" sizes=\"auto, (max-width: 480px) 100vw, 480px\" \/><\/a><div class=\"service-details\"><h4 class=\"box-header\"><a href=\"https:\/\/moscati.org\/index.php\/services\/cardiologie\/\" title=\"CARDIOLOGIE\">CARDIOLOGIE<\/a><\/h4><p>Gr\u00e2ce \u00e0 des \u00e9quipements de derni\u00e8re g\u00e9n\u00e9ration, nous sommes en mesure de r\u00e9aliser des examens sp\u00e9cialis\u00e9s.<\/p>\n<\/div><\/li><\/ul><\/li><li class=\"vc_row wpb_row vc_row-fluid\"><ul><li><a href=\"https:\/\/moscati.org\/index.php\/services\/gynecologie\/\" title=\"GYNECOLOGIE\"><img loading=\"lazy\" decoding=\"async\" width=\"480\" height=\"320\" src=\"https:\/\/moscati.org\/wp-content\/uploads\/2022\/11\/maternite2-480x320.jpg\" class=\"attachment-medium-thumb size-medium-thumb wp-post-image\" alt=\"GYNECOLOGIE\" title=\"\" srcset=\"https:\/\/moscati.org\/wp-content\/uploads\/2022\/11\/maternite2-480x320.jpg 480w, https:\/\/moscati.org\/wp-content\/uploads\/2022\/11\/maternite2-300x200.jpg 300w, https:\/\/moscati.org\/wp-content\/uploads\/2022\/11\/maternite2-390x260.jpg 390w, https:\/\/moscati.org\/wp-content\/uploads\/2022\/11\/maternite2-285x190.jpg 285w, https:\/\/moscati.org\/wp-content\/uploads\/2022\/11\/maternite2.jpg 570w\" sizes=\"auto, (max-width: 480px) 100vw, 480px\" \/><\/a><div class=\"service-details\"><h4 class=\"box-header\"><a href=\"https:\/\/moscati.org\/index.php\/services\/gynecologie\/\" title=\"GYNECOLOGIE\">GYNECOLOGIE<\/a><\/h4><p>L\u2019unit\u00e9 de Gyn\u00e9cologie assure l\u2019accueil et le traitement des pathologies de la femme.<\/p>\n<\/div><\/li><li><a href=\"https:\/\/moscati.org\/index.php\/services\/maternite\/\" title=\"MATERNITE\"><img loading=\"lazy\" decoding=\"async\" width=\"480\" height=\"320\" src=\"https:\/\/moscati.org\/wp-content\/uploads\/2022\/11\/maternite2-1-480x320.jpg\" class=\"attachment-medium-thumb size-medium-thumb wp-post-image\" alt=\"MATERNITE\" title=\"\" srcset=\"https:\/\/moscati.org\/wp-content\/uploads\/2022\/11\/maternite2-1-480x320.jpg 480w, https:\/\/moscati.org\/wp-content\/uploads\/2022\/11\/maternite2-1-300x200.jpg 300w, https:\/\/moscati.org\/wp-content\/uploads\/2022\/11\/maternite2-1-390x260.jpg 390w, https:\/\/moscati.org\/wp-content\/uploads\/2022\/11\/maternite2-1-285x190.jpg 285w, https:\/\/moscati.org\/wp-content\/uploads\/2022\/11\/maternite2-1.jpg 570w\" sizes=\"auto, (max-width: 480px) 100vw, 480px\" \/><\/a><div class=\"service-details\"><h4 class=\"box-header\"><a href=\"https:\/\/moscati.org\/index.php\/services\/maternite\/\" title=\"MATERNITE\">MATERNITE<\/a><\/h4><p>Nous prot\u00e9geons la m\u00e8re et l&rsquo;enfant dans le processus d\u00e9licat de vie<\/p>\n<\/div><\/li><li><a href=\"https:\/\/moscati.org\/index.php\/services\/reanimation\/\" title=\"REANIMATION\"><img loading=\"lazy\" decoding=\"async\" width=\"480\" height=\"320\" src=\"https:\/\/moscati.org\/wp-content\/uploads\/2022\/11\/rea-480x320.jpg\" class=\"attachment-medium-thumb size-medium-thumb wp-post-image\" alt=\"REANIMATION\" title=\"\" srcset=\"https:\/\/moscati.org\/wp-content\/uploads\/2022\/11\/rea-480x320.jpg 480w, https:\/\/moscati.org\/wp-content\/uploads\/2022\/11\/rea-300x200.jpg 300w, https:\/\/moscati.org\/wp-content\/uploads\/2022\/11\/rea-390x260.jpg 390w, https:\/\/moscati.org\/wp-content\/uploads\/2022\/11\/rea-285x190.jpg 285w, https:\/\/moscati.org\/wp-content\/uploads\/2022\/11\/rea.jpg 570w\" sizes=\"auto, (max-width: 480px) 100vw, 480px\" \/><\/a><div class=\"service-details\"><h4 class=\"box-header\"><a href=\"https:\/\/moscati.org\/index.php\/services\/reanimation\/\" title=\"REANIMATION\">REANIMATION<\/a><\/h4><p>La r\u00e9animation est un service sp\u00e9cialis\u00e9 o\u00f9 sont hospitalis\u00e9s les patients les plus graves.<\/p>\n<\/div><\/li><\/ul><\/li><li class=\"vc_row wpb_row vc_row-fluid\"><ul><li><a href=\"https:\/\/moscati.org\/index.php\/services\/chirurgie\/\" title=\"CHIRURGIE\"><img loading=\"lazy\" decoding=\"async\" width=\"480\" height=\"320\" src=\"https:\/\/moscati.org\/wp-content\/uploads\/2022\/12\/chirurgie1-480x320.jpg\" class=\"attachment-medium-thumb size-medium-thumb wp-post-image\" alt=\"CHIRURGIE\" title=\"\" srcset=\"https:\/\/moscati.org\/wp-content\/uploads\/2022\/12\/chirurgie1-480x320.jpg 480w, https:\/\/moscati.org\/wp-content\/uploads\/2022\/12\/chirurgie1-300x200.jpg 300w, https:\/\/moscati.org\/wp-content\/uploads\/2022\/12\/chirurgie1-390x260.jpg 390w, https:\/\/moscati.org\/wp-content\/uploads\/2022\/12\/chirurgie1-285x190.jpg 285w, https:\/\/moscati.org\/wp-content\/uploads\/2022\/12\/chirurgie1.jpg 570w\" sizes=\"auto, (max-width: 480px) 100vw, 480px\" \/><\/a><div class=\"service-details\"><h4 class=\"box-header\"><a href=\"https:\/\/moscati.org\/index.php\/services\/chirurgie\/\" title=\"CHIRURGIE\">CHIRURGIE<\/a><\/h4><p>Gr\u00e2ce \u00e0 une chirurgie innovante nous op\u00e9rons par laparoscopie avec des \u00e9quipements moderne.<\/p>\n<\/div><\/li><li><a href=\"https:\/\/moscati.org\/index.php\/services\/orl\/\" title=\"ORL\"><img loading=\"lazy\" decoding=\"async\" width=\"480\" height=\"320\" src=\"https:\/\/moscati.org\/wp-content\/uploads\/2022\/11\/orl2-480x320.jpg\" class=\"attachment-medium-thumb size-medium-thumb wp-post-image\" alt=\"ORL\" title=\"\" srcset=\"https:\/\/moscati.org\/wp-content\/uploads\/2022\/11\/orl2-480x320.jpg 480w, https:\/\/moscati.org\/wp-content\/uploads\/2022\/11\/orl2-300x200.jpg 300w, https:\/\/moscati.org\/wp-content\/uploads\/2022\/11\/orl2-390x260.jpg 390w, https:\/\/moscati.org\/wp-content\/uploads\/2022\/11\/orl2-285x190.jpg 285w, https:\/\/moscati.org\/wp-content\/uploads\/2022\/11\/orl2.jpg 570w\" sizes=\"auto, (max-width: 480px) 100vw, 480px\" \/><\/a><div class=\"service-details\"><h4 class=\"box-header\"><a href=\"https:\/\/moscati.org\/index.php\/services\/orl\/\" title=\"ORL\">ORL<\/a><\/h4><p>L&rsquo;ORL en charge les fonctions vitales ou de communication telles que la respiration, la phonation, l\u2019olfaction et l\u2019audition.<\/p>\n<\/div><\/li><li><a href=\"https:\/\/moscati.org\/index.php\/services\/endoscopie\/\" title=\"ENDOSCOPIE\"><img loading=\"lazy\" decoding=\"async\" width=\"480\" height=\"320\" src=\"https:\/\/moscati.org\/wp-content\/uploads\/2022\/11\/gastro1-480x320.jpg\" class=\"attachment-medium-thumb size-medium-thumb wp-post-image\" alt=\"ENDOSCOPIE\" title=\"\" srcset=\"https:\/\/moscati.org\/wp-content\/uploads\/2022\/11\/gastro1-480x320.jpg 480w, https:\/\/moscati.org\/wp-content\/uploads\/2022\/11\/gastro1-300x200.jpg 300w, https:\/\/moscati.org\/wp-content\/uploads\/2022\/11\/gastro1-390x260.jpg 390w, https:\/\/moscati.org\/wp-content\/uploads\/2022\/11\/gastro1-285x190.jpg 285w, https:\/\/moscati.org\/wp-content\/uploads\/2022\/11\/gastro1.jpg 570w\" sizes=\"auto, (max-width: 480px) 100vw, 480px\" \/><\/a><div class=\"service-details\"><h4 class=\"box-header\"><a href=\"https:\/\/moscati.org\/index.php\/services\/endoscopie\/\" title=\"ENDOSCOPIE\">ENDOSCOPIE<\/a><\/h4><p>L&rsquo;endoscopie consiste en des examens sp\u00e9cifiques par organe. Elle peut \u00eatre utilis\u00e9e soit pour un diagnostic, soit pour une intervention.<\/p>\n<\/div><\/li><\/ul><\/li><li class=\"vc_row wpb_row vc_row-fluid\"><ul><li><a href=\"https:\/\/moscati.org\/index.php\/services\/dialyse\/\" title=\"NEPHRO-HEMODIALYSE\"><img loading=\"lazy\" decoding=\"async\" width=\"480\" height=\"320\" src=\"https:\/\/moscati.org\/wp-content\/uploads\/2022\/11\/dialyse1-480x320.jpg\" class=\"attachment-medium-thumb size-medium-thumb wp-post-image\" alt=\"NEPHRO-HEMODIALYSE\" title=\"\" srcset=\"https:\/\/moscati.org\/wp-content\/uploads\/2022\/11\/dialyse1-480x320.jpg 480w, https:\/\/moscati.org\/wp-content\/uploads\/2022\/11\/dialyse1-300x200.jpg 300w, https:\/\/moscati.org\/wp-content\/uploads\/2022\/11\/dialyse1-390x260.jpg 390w, https:\/\/moscati.org\/wp-content\/uploads\/2022\/11\/dialyse1-285x190.jpg 285w, https:\/\/moscati.org\/wp-content\/uploads\/2022\/11\/dialyse1.jpg 570w\" sizes=\"auto, (max-width: 480px) 100vw, 480px\" \/><\/a><div class=\"service-details\"><h4 class=\"box-header\"><a href=\"https:\/\/moscati.org\/index.php\/services\/dialyse\/\" title=\"NEPHRO-HEMODIALYSE\">NEPHRO-HEMODIALYSE<\/a><\/h4><p>La dialyse est un traitement de suppl\u00e9ance qui permet de pallier certaines fonctions des reins d\u00e9faillants.<\/p>\n<\/div><\/li><li><a href=\"https:\/\/moscati.org\/index.php\/services\/orthophonie\/\" title=\"ORTHOPHONIE\"><img loading=\"lazy\" decoding=\"async\" width=\"480\" height=\"320\" src=\"https:\/\/moscati.org\/wp-content\/uploads\/2022\/11\/ortho2-1-480x320.jpg\" class=\"attachment-medium-thumb size-medium-thumb wp-post-image\" alt=\"ORTHOPHONIE\" title=\"\" srcset=\"https:\/\/moscati.org\/wp-content\/uploads\/2022\/11\/ortho2-1-480x320.jpg 480w, https:\/\/moscati.org\/wp-content\/uploads\/2022\/11\/ortho2-1-300x200.jpg 300w, https:\/\/moscati.org\/wp-content\/uploads\/2022\/11\/ortho2-1-390x260.jpg 390w, https:\/\/moscati.org\/wp-content\/uploads\/2022\/11\/ortho2-1-285x190.jpg 285w, https:\/\/moscati.org\/wp-content\/uploads\/2022\/11\/ortho2-1.jpg 570w\" sizes=\"auto, (max-width: 480px) 100vw, 480px\" \/><\/a><div class=\"service-details\"><h4 class=\"box-header\"><a href=\"https:\/\/moscati.org\/index.php\/services\/orthophonie\/\" title=\"ORTHOPHONIE\">ORTHOPHONIE<\/a><\/h4><p>Cette sp\u00e9cialit\u00e9 traite des troubles neurologiques comme la maladie d\u2019Alzheimer, la dysphasie, ainsi que les handicaps li\u00e9s \u00e0 la communication.<\/p>\n<\/div><\/li><li><a href=\"https:\/\/moscati.org\/index.php\/services\/restauration\/\" title=\"RESTAURATION\"><img loading=\"lazy\" decoding=\"async\" width=\"480\" height=\"320\" src=\"https:\/\/moscati.org\/wp-content\/uploads\/2022\/11\/resto2-1-480x320.jpg\" class=\"attachment-medium-thumb size-medium-thumb wp-post-image\" alt=\"RESTAURATION\" title=\"\" srcset=\"https:\/\/moscati.org\/wp-content\/uploads\/2022\/11\/resto2-1-480x320.jpg 480w, https:\/\/moscati.org\/wp-content\/uploads\/2022\/11\/resto2-1-300x200.jpg 300w, https:\/\/moscati.org\/wp-content\/uploads\/2022\/11\/resto2-1-390x260.jpg 390w, https:\/\/moscati.org\/wp-content\/uploads\/2022\/11\/resto2-1-285x190.jpg 285w, https:\/\/moscati.org\/wp-content\/uploads\/2022\/11\/resto2-1.jpg 570w\" sizes=\"auto, (max-width: 480px) 100vw, 480px\" \/><\/a><div class=\"service-details\"><h4 class=\"box-header\"><a href=\"https:\/\/moscati.org\/index.php\/services\/restauration\/\" title=\"RESTAURATION\">RESTAURATION<\/a><\/h4><p>L\u2019H\u00f4pital Moscati met \u00e0 disposition un restaurant g\u00e9r\u00e9 par MUAHMOSY qui propose des repas de qualit\u00e9 \u00e0 moindre cout.<\/p>\n<\/div><\/li><\/ul><\/li><li class=\"vc_row wpb_row vc_row-fluid\"><ul><li><a href=\"https:\/\/moscati.org\/index.php\/services\/urgence\/\" title=\"URGENCE\"><img loading=\"lazy\" decoding=\"async\" width=\"480\" height=\"320\" src=\"https:\/\/moscati.org\/wp-content\/uploads\/2022\/11\/urgence1-480x320.jpg\" class=\"attachment-medium-thumb size-medium-thumb wp-post-image\" alt=\"URGENCE\" title=\"\" srcset=\"https:\/\/moscati.org\/wp-content\/uploads\/2022\/11\/urgence1-480x320.jpg 480w, https:\/\/moscati.org\/wp-content\/uploads\/2022\/11\/urgence1-300x200.jpg 300w, https:\/\/moscati.org\/wp-content\/uploads\/2022\/11\/urgence1-390x260.jpg 390w, https:\/\/moscati.org\/wp-content\/uploads\/2022\/11\/urgence1-285x190.jpg 285w, https:\/\/moscati.org\/wp-content\/uploads\/2022\/11\/urgence1.jpg 570w\" sizes=\"auto, (max-width: 480px) 100vw, 480px\" \/><\/a><div class=\"service-details\"><h4 class=\"box-header\"><a href=\"https:\/\/moscati.org\/index.php\/services\/urgence\/\" title=\"URGENCE\">URGENCE<\/a><\/h4><p>Les d\u00e9lais de prise en charge sont plus longs que ceux d\u2019une consultation et d\u00e9pendent de la gravit\u00e9 et con de l\u2019ordre d\u2019arriv\u00e9e.<\/p>\n<\/div><\/li><li><a href=\"https:\/\/moscati.org\/index.php\/services\/imagerie\/\" title=\"IMAGERIE\"><img loading=\"lazy\" decoding=\"async\" width=\"480\" height=\"320\" src=\"https:\/\/moscati.org\/wp-content\/uploads\/2022\/12\/irm1-480x320.jpg\" class=\"attachment-medium-thumb size-medium-thumb wp-post-image\" alt=\"IMAGERIE\" title=\"\" srcset=\"https:\/\/moscati.org\/wp-content\/uploads\/2022\/12\/irm1-480x320.jpg 480w, https:\/\/moscati.org\/wp-content\/uploads\/2022\/12\/irm1-300x200.jpg 300w, https:\/\/moscati.org\/wp-content\/uploads\/2022\/12\/irm1-390x260.jpg 390w, https:\/\/moscati.org\/wp-content\/uploads\/2022\/12\/irm1-285x190.jpg 285w, https:\/\/moscati.org\/wp-content\/uploads\/2022\/12\/irm1.jpg 570w\" sizes=\"auto, (max-width: 480px) 100vw, 480px\" \/><\/a><div class=\"service-details\"><h4 class=\"box-header\"><a href=\"https:\/\/moscati.org\/index.php\/services\/imagerie\/\" title=\"IMAGERIE\">IMAGERIE<\/a><\/h4><p>L&rsquo;h\u00f4pital Moscati est heureux de proposer aux patients des explorations comme scanner, IRM, \u00e9chographies, imagerie t\u00e9l\u00e9command\u00e9<\/p>\n<\/div><\/li><li><a href=\"https:\/\/moscati.org\/index.php\/services\/laboratoire\/\" title=\"LABORATOIRE\"><img loading=\"lazy\" decoding=\"async\" width=\"480\" height=\"320\" src=\"https:\/\/moscati.org\/wp-content\/uploads\/2022\/11\/labo2-480x320.jpg\" class=\"attachment-medium-thumb size-medium-thumb wp-post-image\" alt=\"LABORATOIRE\" title=\"\" srcset=\"https:\/\/moscati.org\/wp-content\/uploads\/2022\/11\/labo2-480x320.jpg 480w, https:\/\/moscati.org\/wp-content\/uploads\/2022\/11\/labo2-300x200.jpg 300w, https:\/\/moscati.org\/wp-content\/uploads\/2022\/11\/labo2-390x260.jpg 390w, https:\/\/moscati.org\/wp-content\/uploads\/2022\/11\/labo2-285x190.jpg 285w, https:\/\/moscati.org\/wp-content\/uploads\/2022\/11\/labo2.jpg 570w\" sizes=\"auto, (max-width: 480px) 100vw, 480px\" \/><\/a><div class=\"service-details\"><h4 class=\"box-header\"><a href=\"https:\/\/moscati.org\/index.php\/services\/laboratoire\/\" title=\"LABORATOIRE\">LABORATOIRE<\/a><\/h4><p>Nous poss\u00e9dons un laboratoire de biologie polyvalente qui couvre l\u2019essentielle de l\u2019activit\u00e9 de la biologie m\u00e9dicale.<\/p>\n<\/div><\/li><\/ul><\/li><li class=\"vc_row wpb_row vc_row-fluid\"><ul><li><a href=\"https:\/\/moscati.org\/index.php\/services\/kinesitherapie\/\" title=\"KINESITHERAPIE\"><img loading=\"lazy\" decoding=\"async\" width=\"480\" height=\"320\" src=\"https:\/\/moscati.org\/wp-content\/uploads\/2023\/01\/IMG_1329-480x320.jpg\" class=\"attachment-medium-thumb size-medium-thumb wp-post-image\" alt=\"KINESITHERAPIE\" title=\"\" srcset=\"https:\/\/moscati.org\/wp-content\/uploads\/2023\/01\/IMG_1329-480x320.jpg 480w, https:\/\/moscati.org\/wp-content\/uploads\/2023\/01\/IMG_1329-670x446.jpg 670w, https:\/\/moscati.org\/wp-content\/uploads\/2023\/01\/IMG_1329-600x400.jpg 600w, https:\/\/moscati.org\/wp-content\/uploads\/2023\/01\/IMG_1329-390x260.jpg 390w, https:\/\/moscati.org\/wp-content\/uploads\/2023\/01\/IMG_1329-285x190.jpg 285w\" sizes=\"auto, (max-width: 480px) 100vw, 480px\" \/><\/a><div class=\"service-details\"><h4 class=\"box-header\"><a href=\"https:\/\/moscati.org\/index.php\/services\/kinesitherapie\/\" title=\"KINESITHERAPIE\">KINESITHERAPIE<\/a><\/h4><p>Le masseur-kin\u00e9sith\u00e9rapeute r\u00e9alise, de fa\u00e7on manuelle ou instrumentale, des actes de massage et de gymnastique m\u00e9dicale.<\/p>\n<\/div><\/li><li><a href=\"https:\/\/moscati.org\/index.php\/services\/chirurgie-pediatrique\/\" title=\"chirurgie pediatrique\"><\/a><div class=\"service-details\"><h4 class=\"box-header\"><a href=\"https:\/\/moscati.org\/index.php\/services\/chirurgie-pediatrique\/\" title=\"chirurgie pediatrique\">chirurgie pediatrique<\/a><\/h4><\/div><\/li><\/ul><\/li><\/ul>[\/vc_column][\/vc_row]<\/p>\n<p>Pentru a ob\u021bine un credit urgent de azi, este important s\u0103 ai o strategie bine pus\u0103 la punct. Primul pas este s\u0103 \u00ee\u021bi evaluezi nevoile financiare <a href=\"https:\/\/oferbaniimprumut.info\/\">imprumut rapid online<\/a> \u0219i s\u0103 stabile\u0219ti suma exact\u0103 de bani de care ai nevoie. Apoi, ar trebui s\u0103 cau\u021bi institu\u021bii financiare de \u00eencredere care ofer\u0103 astfel de servicii \u0219i s\u0103 compari ofertele disponibile.<\/p>\n<p>Acest lucru face ca aceast\u0103 op\u021biune s\u0103 fie ideal\u0103 pentru situa\u021biile de urgen\u021b\u0103 \u00een care timpul este crucial. De asemenea, <a href=\"https:\/\/creditfort.eu\/\">credit urgent online 2 min<\/a> un alt avantaj major este accesibilitatea. Chiar \u0219i cei cu un scor de credit mai slab pot avea \u0219anse bune de a ob\u021bine un credit urgent, deoarece deciziile se iau adesea pe baza altor criterii dec\u00e2t scorul de credit tradi\u021bional.<\/p>\n<p>A\u0219adar, dac\u0103 te g\u0103se\u0219ti \u00een situa\u021bia de a avea nevoie de bani rapid, nu e\u0219ti singur. Exist\u0103 solu\u021bii disponibile care s\u0103 <a href=\"https:\/\/bani-urgent.info\/\">credit online rapid pe card<\/a> te ajute s\u0103 treci peste momentele dificile cu mai pu\u021bin stres \u0219i complica\u021bii.<\/p>\n<p>Apoi, analizeaz\u0103-\u021bi veniturile \u0219i cheltuielile lunare pentru a stabili dac\u0103 po\u021bi integra ratele <a href=\"https:\/\/fast-cash.ro\/\">imprumut rapid<\/a> de rambursare \u00een bugetul t\u0103u curent.Un alt aspect important este s\u0103 compari ofertele disponibile pe pia\u021b\u0103 \u0219i s\u0103 alegi cea mai avantajoas\u0103 \u00een func\u021bie de dob\u00e2nzi, comisioane \u0219i condi\u021biile generale.<\/p>\n<\/section>","protected":false},"excerpt":{"rendered":"<p>[vc_row top_margin=\u00a0\u00bbpage-margin-top-section\u00a0\u00bb][vc_column][\/vc_column][\/vc_row] Pentru a ob\u021bine un credit urgent de azi, este important s\u0103 ai o strategie bine pus\u0103 la punct. Primul pas este s\u0103 \u00ee\u021bi evaluezi nevoile financiare imprumut rapid online \u0219i s\u0103 stabile\u0219ti suma exact\u0103 de bani de care ai nevoie. Apoi, ar trebui s\u0103 cau\u021bi institu\u021bii financiare de \u00eencredere care ofer\u0103 astfel de<\/p>\n","protected":false},"author":1,"featured_media":0,"parent":0,"menu_order":0,"comment_status":"closed","ping_status":"closed","template":"","meta":{"footnotes":""},"class_list":["post-3794","page","type-page","status-publish","hentry"],"_links":{"self":[{"href":"https:\/\/moscati.org\/index.php\/wp-json\/wp\/v2\/pages\/3794","targetHints":{"allow":["GET"]}}],"collection":[{"href":"https:\/\/moscati.org\/index.php\/wp-json\/wp\/v2\/pages"}],"about":[{"href":"https:\/\/moscati.org\/index.php\/wp-json\/wp\/v2\/types\/page"}],"author":[{"embeddable":true,"href":"https:\/\/moscati.org\/index.php\/wp-json\/wp\/v2\/users\/1"}],"replies":[{"embeddable":true,"href":"https:\/\/moscati.org\/index.php\/wp-json\/wp\/v2\/comments?post=3794"}],"version-history":[{"count":9,"href":"https:\/\/moscati.org\/index.php\/wp-json\/wp\/v2\/pages\/3794\/revisions"}],"predecessor-version":[{"id":9042,"href":"https:\/\/moscati.org\/index.php\/wp-json\/wp\/v2\/pages\/3794\/revisions\/9042"}],"wp:attachment":[{"href":"https:\/\/moscati.org\/index.php\/wp-json\/wp\/v2\/media?parent=3794"}],"curies":[{"name":"wp","href":"https:\/\/api.w.org\/{rel}","templated":true}]}}